{"id":4577,"date":"2023-11-08T16:21:11","date_gmt":"2023-11-08T16:21:11","guid":{"rendered":"https:\/\/www.stonesecurity.net\/?page_id=4577"},"modified":"2026-04-08T20:13:12","modified_gmt":"2026-04-08T20:13:12","slug":"resources","status":"publish","type":"page","link":"https:\/\/www.stonesecurity.net\/es\/resources\/","title":{"rendered":"Recursos"},"content":{"rendered":"<div data-elementor-type=\"wp-page\" data-elementor-id=\"4577\" class=\"elementor elementor-4577\" data-elementor-post-type=\"page\">\n\t\t\t\t\t\t<section class=\"elementor-section elementor-top-section elementor-element elementor-element-2cca3c97 elementor-section-height-min-height elementor-section-boxed elementor-section-height-default elementor-section-items-middle\" data-id=\"2cca3c97\" data-element_type=\"section\" data-e-type=\"section\" data-settings=\"{&quot;background_background&quot;:&quot;classic&quot;}\">\n\t\t\t\t\t\t\t<div class=\"elementor-background-overlay\"><\/div>\n\t\t\t\t\t\t\t<div class=\"elementor-container elementor-column-gap-default\">\n\t\t\t\t\t<div class=\"elementor-column elementor-col-100 elementor-top-column elementor-element elementor-element-563dcc2a\" data-id=\"563dcc2a\" data-element_type=\"column\" data-e-type=\"column\">\n\t\t\t<div class=\"elementor-widget-wrap elementor-element-populated\">\n\t\t\t\t\t\t<div class=\"elementor-element elementor-element-495e6a28 elementor-widget elementor-widget-heading\" data-id=\"495e6a28\" data-element_type=\"widget\" data-e-type=\"widget\" data-widget_type=\"heading.default\">\n\t\t\t\t<div class=\"elementor-widget-container\">\n\t\t\t\t\t<h1 class=\"elementor-heading-title elementor-size-default\">RECURSOS<\/h1>\t\t\t\t<\/div>\n\t\t\t\t<\/div>\n\t\t\t\t<div class=\"elementor-element elementor-element-66c89c94 elementor-widget-divider--view-line elementor-widget elementor-widget-divider\" data-id=\"66c89c94\" data-element_type=\"widget\" data-e-type=\"widget\" data-widget_type=\"divider.default\">\n\t\t\t\t<div class=\"elementor-widget-container\">\n\t\t\t\t\t\t\t<div class=\"elementor-divider\">\n\t\t\t<span class=\"elementor-divider-separator\">\n\t\t\t\t\t\t<\/span>\n\t\t<\/div>\n\t\t\t\t\t\t<\/div>\n\t\t\t\t<\/div>\n\t\t\t\t<div class=\"elementor-element elementor-element-2545c735 elementor-widget elementor-widget-text-editor\" data-id=\"2545c735\" data-element_type=\"widget\" data-e-type=\"widget\" data-widget_type=\"text-editor.default\">\n\t\t\t\t<div class=\"elementor-widget-container\">\n\t\t\t\t\t\t\t\t\t<p>DOCUMENTOS BLANCOS Y OTRA INFORMACI\u00d3N<\/p>\t\t\t\t\t\t\t\t<\/div>\n\t\t\t\t<\/div>\n\t\t\t\t<div class=\"elementor-element elementor-element-7995280d elementor-shape-circle elementor-grid-1 elementor-widget__width-auto elementor-absolute home-social-icon elementor-hidden-mobile elementor-widget elementor-widget-social-icons\" data-id=\"7995280d\" data-element_type=\"widget\" data-e-type=\"widget\" data-settings=\"{&quot;_position&quot;:&quot;absolute&quot;}\" data-widget_type=\"social-icons.default\">\n\t\t\t\t<div class=\"elementor-widget-container\">\n\t\t\t\t\t\t\t<div class=\"elementor-social-icons-wrapper elementor-grid\" role=\"list\">\n\t\t\t\t\t\t\t<span class=\"elementor-grid-item\" role=\"listitem\">\n\t\t\t\t\t<a class=\"elementor-icon elementor-social-icon elementor-social-icon-twitter elementor-animation-shrink elementor-repeater-item-c3b306b\" href=\"https:\/\/twitter.com\/StoneIPSecurity\" target=\"_blank\">\n\t\t\t\t\t\t<span class=\"elementor-screen-only\">Twitter<\/span>\n\t\t\t\t\t\t<i aria-hidden=\"true\" class=\"fab fa-twitter\"><\/i>\t\t\t\t\t<\/a>\n\t\t\t\t<\/span>\n\t\t\t\t\t\t\t<span class=\"elementor-grid-item\" role=\"listitem\">\n\t\t\t\t\t<a class=\"elementor-icon elementor-social-icon elementor-social-icon-instagram elementor-animation-shrink elementor-repeater-item-b7df136\" href=\"https:\/\/www.instagram.com\/stone_security\/?hl=en\" target=\"_blank\">\n\t\t\t\t\t\t<span class=\"elementor-screen-only\">Instagram<\/span>\n\t\t\t\t\t\t<i aria-hidden=\"true\" class=\"fab fa-instagram\"><\/i>\t\t\t\t\t<\/a>\n\t\t\t\t<\/span>\n\t\t\t\t\t\t\t<span class=\"elementor-grid-item\" role=\"listitem\">\n\t\t\t\t\t<a class=\"elementor-icon elementor-social-icon elementor-social-icon-youtube elementor-animation-shrink elementor-repeater-item-4ea6747\" href=\"https:\/\/www.youtube.com\/channel\/UCjACfVe9bwt59FnGfg65iwA\" target=\"_blank\">\n\t\t\t\t\t\t<span class=\"elementor-screen-only\">Youtube<\/span>\n\t\t\t\t\t\t<i aria-hidden=\"true\" class=\"fab fa-youtube\"><\/i>\t\t\t\t\t<\/a>\n\t\t\t\t<\/span>\n\t\t\t\t\t\t\t<span class=\"elementor-grid-item\" role=\"listitem\">\n\t\t\t\t\t<a class=\"elementor-icon elementor-social-icon elementor-social-icon-linkedin-in elementor-animation-shrink elementor-repeater-item-7866f27\" href=\"https:\/\/www.linkedin.com\/company\/stone-security\" target=\"_blank\">\n\t\t\t\t\t\t<span class=\"elementor-screen-only\">Linkedin-in<\/span>\n\t\t\t\t\t\t<i aria-hidden=\"true\" class=\"fab fa-linkedin-in\"><\/i>\t\t\t\t\t<\/a>\n\t\t\t\t<\/span>\n\t\t\t\t\t<\/div>\n\t\t\t\t\t\t<\/div>\n\t\t\t\t<\/div>\n\t\t\t\t\t<\/div>\n\t\t<\/div>\n\t\t\t\t\t<\/div>\n\t\t<\/section>\n\t\t\t\t<section class=\"elementor-section elementor-top-section elementor-element elementor-element-ac788b8 elementor-section-boxed elementor-section-height-default elementor-section-height-default\" data-id=\"ac788b8\" data-element_type=\"section\" data-e-type=\"section\">\n\t\t\t\t\t\t<div class=\"elementor-container elementor-column-gap-default\">\n\t\t\t\t\t<div class=\"elementor-column elementor-col-100 elementor-top-column elementor-element elementor-element-aeff671\" data-id=\"aeff671\" data-element_type=\"column\" data-e-type=\"column\">\n\t\t\t<div class=\"elementor-widget-wrap elementor-element-populated\">\n\t\t\t\t\t\t\t<\/div>\n\t\t<\/div>\n\t\t\t\t\t<\/div>\n\t\t<\/section>\n\t\t\t\t<section class=\"elementor-section elementor-top-section elementor-element elementor-element-a240841 elementor-section-boxed elementor-section-height-default elementor-section-height-default\" data-id=\"a240841\" data-element_type=\"section\" data-e-type=\"section\">\n\t\t\t\t\t\t<div class=\"elementor-container elementor-column-gap-default\">\n\t\t\t\t\t<div class=\"elementor-column elementor-col-100 elementor-top-column elementor-element elementor-element-02aa5bf\" data-id=\"02aa5bf\" data-element_type=\"column\" data-e-type=\"column\">\n\t\t\t<div class=\"elementor-widget-wrap elementor-element-populated\">\n\t\t\t\t\t\t<div class=\"elementor-element elementor-element-eafb99e elementor-widget elementor-widget-spacer\" data-id=\"eafb99e\" data-element_type=\"widget\" data-e-type=\"widget\" data-widget_type=\"spacer.default\">\n\t\t\t\t<div class=\"elementor-widget-container\">\n\t\t\t\t\t\t\t<div class=\"elementor-spacer\">\n\t\t\t<div class=\"elementor-spacer-inner\"><\/div>\n\t\t<\/div>\n\t\t\t\t\t\t<\/div>\n\t\t\t\t<\/div>\n\t\t\t\t\t<\/div>\n\t\t<\/div>\n\t\t\t\t\t<\/div>\n\t\t<\/section>\n\t\t\t\t<section class=\"elementor-section elementor-top-section elementor-element elementor-element-5d0bb4e elementor-section-boxed elementor-section-height-default elementor-section-height-default\" data-id=\"5d0bb4e\" data-element_type=\"section\" data-e-type=\"section\">\n\t\t\t\t\t\t<div class=\"elementor-container elementor-column-gap-custom\">\n\t\t\t\t\t<div class=\"elementor-column elementor-col-50 elementor-top-column elementor-element elementor-element-2e95c3c\" data-id=\"2e95c3c\" data-element_type=\"column\" data-e-type=\"column\">\n\t\t\t<div class=\"elementor-widget-wrap elementor-element-populated\">\n\t\t\t\t\t\t<div class=\"elementor-element elementor-element-60e1d5d elementor-widget elementor-widget-heading\" data-id=\"60e1d5d\" data-element_type=\"widget\" data-e-type=\"widget\" data-widget_type=\"heading.default\">\n\t\t\t\t<div class=\"elementor-widget-container\">\n\t\t\t\t\t<h3 class=\"elementor-heading-title elementor-size-default\">Revolucionar la seguridad con c\u00e1maras corporales a medida<\/h3>\t\t\t\t<\/div>\n\t\t\t\t<\/div>\n\t\t\t\t<div class=\"elementor-element elementor-element-c0010a8 elementor-widget elementor-widget-image\" data-id=\"c0010a8\" data-element_type=\"widget\" data-e-type=\"widget\" data-widget_type=\"image.default\">\n\t\t\t\t<div class=\"elementor-widget-container\">\n\t\t\t\t\t\t\t\t\t\t\t\t\t\t\t\t<a href=\"https:\/\/www.stonesecurity.net\/wp-content\/uploads\/2023\/11\/benefits_of_a_hybrid-cloud_architecture_for_video_surveillance-white_paper-6-7-21.pdf\" target=\"_blank\">\n\t\t\t\t\t\t\t<img fetchpriority=\"high\" decoding=\"async\" width=\"800\" height=\"396\" src=\"https:\/\/www.stonesecurity.net\/wp-content\/uploads\/2025\/02\/webbing-1024x507.png\" class=\"attachment-large size-large wp-image-5147\" alt=\"\" srcset=\"https:\/\/www.stonesecurity.net\/wp-content\/uploads\/2025\/02\/webbing-1024x507.png 1024w, https:\/\/www.stonesecurity.net\/wp-content\/uploads\/2025\/02\/webbing-300x148.png 300w, https:\/\/www.stonesecurity.net\/wp-content\/uploads\/2025\/02\/webbing-768x380.png 768w, https:\/\/www.stonesecurity.net\/wp-content\/uploads\/2025\/02\/webbing-18x9.png 18w, https:\/\/www.stonesecurity.net\/wp-content\/uploads\/2025\/02\/webbing.png 1132w\" sizes=\"(max-width: 800px) 100vw, 800px\" \/>\t\t\t\t\t\t\t\t<\/a>\n\t\t\t\t\t\t\t\t\t\t\t\t\t\t\t<\/div>\n\t\t\t\t<\/div>\n\t\t\t\t<div class=\"elementor-element elementor-element-af4ddcf elementor-widget elementor-widget-text-editor\" data-id=\"af4ddcf\" data-element_type=\"widget\" data-e-type=\"widget\" data-widget_type=\"text-editor.default\">\n\t\t\t\t<div class=\"elementor-widget-container\">\n\t\t\t\t\t\t\t\t\t<p><span data-olk-copy-source=\"MessageBody\">A medida que aumenta la necesidad de rendici\u00f3n de cuentas, seguridad y eficacia operativa en diversos sectores, cada vez son m\u00e1s las organizaciones que desean implantar c\u00e1maras corporales.<\/span><\/p>\t\t\t\t\t\t\t\t<\/div>\n\t\t\t\t<\/div>\n\t\t\t\t<div class=\"elementor-element elementor-element-5dcf488 elementor-align-center elementor-widget elementor-widget-button\" data-id=\"5dcf488\" data-element_type=\"widget\" data-e-type=\"widget\" data-widget_type=\"button.default\">\n\t\t\t\t<div class=\"elementor-widget-container\">\n\t\t\t\t\t\t\t\t\t<div class=\"elementor-button-wrapper\">\n\t\t\t\t\t<a class=\"elementor-button elementor-button-link elementor-size-xs\" href=\"https:\/\/www.stonesecurity.net\/wp-content\/uploads\/2025\/03\/Case-Study-Revolutionizing-Security-with-Tailored-Body-Worn-Cameras-1.pdf\" target=\"_blank\">\n\t\t\t\t\t\t<span class=\"elementor-button-content-wrapper\">\n\t\t\t\t\t\t\t\t\t<span class=\"elementor-button-text\">Estudio de caso<\/span>\n\t\t\t\t\t<\/span>\n\t\t\t\t\t<\/a>\n\t\t\t\t<\/div>\n\t\t\t\t\t\t\t\t<\/div>\n\t\t\t\t<\/div>\n\t\t\t\t\t<\/div>\n\t\t<\/div>\n\t\t\t\t<div class=\"elementor-column elementor-col-50 elementor-top-column elementor-element elementor-element-a6668e9\" data-id=\"a6668e9\" data-element_type=\"column\" data-e-type=\"column\">\n\t\t\t<div class=\"elementor-widget-wrap elementor-element-populated\">\n\t\t\t\t\t\t<div class=\"elementor-element elementor-element-382ab47 elementor-widget elementor-widget-heading\" data-id=\"382ab47\" data-element_type=\"widget\" data-e-type=\"widget\" data-widget_type=\"heading.default\">\n\t\t\t\t<div class=\"elementor-widget-container\">\n\t\t\t\t\t<h3 class=\"elementor-heading-title elementor-size-default\">Comprender las necesidades de TI de la Videovigilancia<\/h3>\t\t\t\t<\/div>\n\t\t\t\t<\/div>\n\t\t\t\t<div class=\"elementor-element elementor-element-b67f125 elementor-widget elementor-widget-image\" data-id=\"b67f125\" data-element_type=\"widget\" data-e-type=\"widget\" data-widget_type=\"image.default\">\n\t\t\t\t<div class=\"elementor-widget-container\">\n\t\t\t\t\t\t\t\t\t\t\t\t\t\t\t\t<a href=\"https:\/\/www.stonesecurity.net\/wp-content\/uploads\/2023\/11\/understanding-the-it-needs-of-video-surveillance_SecurityInformed.pdf\" target=\"_blank\">\n\t\t\t\t\t\t\t<img decoding=\"async\" width=\"655\" height=\"383\" src=\"https:\/\/www.stonesecurity.net\/wp-content\/uploads\/2023\/11\/it-needs-vs.webp\" class=\"attachment-large size-large wp-image-4589\" alt=\"\" srcset=\"https:\/\/www.stonesecurity.net\/wp-content\/uploads\/2023\/11\/it-needs-vs.webp 655w, https:\/\/www.stonesecurity.net\/wp-content\/uploads\/2023\/11\/it-needs-vs-300x175.webp 300w\" sizes=\"(max-width: 655px) 100vw, 655px\" \/>\t\t\t\t\t\t\t\t<\/a>\n\t\t\t\t\t\t\t\t\t\t\t\t\t\t\t<\/div>\n\t\t\t\t<\/div>\n\t\t\t\t<div class=\"elementor-element elementor-element-447fafd elementor-widget elementor-widget-text-editor\" data-id=\"447fafd\" data-element_type=\"widget\" data-e-type=\"widget\" data-widget_type=\"text-editor.default\">\n\t\t\t\t<div class=\"elementor-widget-container\">\n\t\t\t\t\t\t\t\t\t<p>Un sistema de videovigilancia tiene necesidades especializadas en lo que respecta a la tecnolog\u00eda de la informaci\u00f3n (TI). Si bien un sistema de video digital puede utilizar las mismas tecnolog\u00edas que otros sistemas de TI, est\u00e1n configurados de manera diferente y teniendo en cuenta las necesidades espec\u00edficas de la videovigilancia.<\/p>\t\t\t\t\t\t\t\t<\/div>\n\t\t\t\t<\/div>\n\t\t\t\t<div class=\"elementor-element elementor-element-9ee7982 elementor-align-center elementor-widget elementor-widget-button\" data-id=\"9ee7982\" data-element_type=\"widget\" data-e-type=\"widget\" data-widget_type=\"button.default\">\n\t\t\t\t<div class=\"elementor-widget-container\">\n\t\t\t\t\t\t\t\t\t<div class=\"elementor-button-wrapper\">\n\t\t\t\t\t<a class=\"elementor-button elementor-button-link elementor-size-xs\" href=\"https:\/\/www.stonesecurity.net\/wp-content\/uploads\/2023\/11\/understanding-the-it-needs-of-video-surveillance_SecurityInformed.pdf\" target=\"_blank\">\n\t\t\t\t\t\t<span class=\"elementor-button-content-wrapper\">\n\t\t\t\t\t\t\t\t\t<span class=\"elementor-button-text\">Descargar Libro Blanco<\/span>\n\t\t\t\t\t<\/span>\n\t\t\t\t\t<\/a>\n\t\t\t\t<\/div>\n\t\t\t\t\t\t\t\t<\/div>\n\t\t\t\t<\/div>\n\t\t\t\t\t<\/div>\n\t\t<\/div>\n\t\t\t\t\t<\/div>\n\t\t<\/section>\n\t\t\t\t<section class=\"elementor-section elementor-top-section elementor-element elementor-element-0fec870 elementor-section-boxed elementor-section-height-default elementor-section-height-default\" data-id=\"0fec870\" data-element_type=\"section\" data-e-type=\"section\">\n\t\t\t\t\t\t<div class=\"elementor-container elementor-column-gap-custom\">\n\t\t\t\t\t<div class=\"elementor-column elementor-col-33 elementor-top-column elementor-element elementor-element-e547893\" data-id=\"e547893\" data-element_type=\"column\" data-e-type=\"column\">\n\t\t\t<div class=\"elementor-widget-wrap elementor-element-populated\">\n\t\t\t\t\t\t<div class=\"elementor-element elementor-element-6eb9d30 elementor-widget elementor-widget-heading\" data-id=\"6eb9d30\" data-element_type=\"widget\" data-e-type=\"widget\" data-widget_type=\"heading.default\">\n\t\t\t\t<div class=\"elementor-widget-container\">\n\t\t\t\t\t<h3 class=\"elementor-heading-title elementor-size-default\">Caso pr\u00e1ctico de Swear: c\u00f3mo garantizar la autenticidad de los v\u00eddeos<\/h3>\t\t\t\t<\/div>\n\t\t\t\t<\/div>\n\t\t\t\t<div class=\"elementor-element elementor-element-bcc9446 elementor-widget elementor-widget-image\" data-id=\"bcc9446\" data-element_type=\"widget\" data-e-type=\"widget\" data-widget_type=\"image.default\">\n\t\t\t\t<div class=\"elementor-widget-container\">\n\t\t\t\t\t\t\t\t\t\t\t\t\t\t\t\t<a href=\"https:\/\/www.stonesecurity.net\/wp-content\/uploads\/2023\/11\/benefits_of_a_hybrid-cloud_architecture_for_video_surveillance-white_paper-6-7-21.pdf\" target=\"_blank\">\n\t\t\t\t\t\t\t<img decoding=\"async\" width=\"800\" height=\"409\" src=\"https:\/\/www.stonesecurity.net\/wp-content\/uploads\/2026\/04\/Swear-1024x523.jpg\" class=\"attachment-large size-large wp-image-6293\" alt=\"\" srcset=\"https:\/\/www.stonesecurity.net\/wp-content\/uploads\/2026\/04\/Swear-1024x523.jpg 1024w, https:\/\/www.stonesecurity.net\/wp-content\/uploads\/2026\/04\/Swear-300x153.jpg 300w, https:\/\/www.stonesecurity.net\/wp-content\/uploads\/2026\/04\/Swear-768x392.jpg 768w, https:\/\/www.stonesecurity.net\/wp-content\/uploads\/2026\/04\/Swear-18x9.jpg 18w, https:\/\/www.stonesecurity.net\/wp-content\/uploads\/2026\/04\/Swear.jpg 1200w\" sizes=\"(max-width: 800px) 100vw, 800px\" \/>\t\t\t\t\t\t\t\t<\/a>\n\t\t\t\t\t\t\t\t\t\t\t\t\t\t\t<\/div>\n\t\t\t\t<\/div>\n\t\t\t\t<div class=\"elementor-element elementor-element-7890b95 elementor-widget__width-initial elementor-widget elementor-widget-text-editor\" data-id=\"7890b95\" data-element_type=\"widget\" data-e-type=\"widget\" data-widget_type=\"text-editor.default\">\n\t\t\t\t<div class=\"elementor-widget-container\">\n\t\t\t\t\t\t\t\t\t<p>Desde sistemas de videovigilancia de alta resoluci\u00f3n hasta plataformas de seguridad integradas, la tecnolog\u00eda desempe\u00f1a un papel fundamental a la hora de garantizar que las operaciones sean eficaces y resilientes ante amenazas en constante evoluci\u00f3n.<\/p>\t\t\t\t\t\t\t\t<\/div>\n\t\t\t\t<\/div>\n\t\t\t\t<div class=\"elementor-element elementor-element-b2fc56e elementor-align-center elementor-widget elementor-widget-button\" data-id=\"b2fc56e\" data-element_type=\"widget\" data-e-type=\"widget\" data-widget_type=\"button.default\">\n\t\t\t\t<div class=\"elementor-widget-container\">\n\t\t\t\t\t\t\t\t\t<div class=\"elementor-button-wrapper\">\n\t\t\t\t\t<a class=\"elementor-button elementor-button-link elementor-size-xs\" href=\"https:\/\/www.stonesecurity.net\/wp-content\/uploads\/2026\/04\/SWEAR-White-Paper-1.pdf\" target=\"_blank\">\n\t\t\t\t\t\t<span class=\"elementor-button-content-wrapper\">\n\t\t\t\t\t\t\t\t\t<span class=\"elementor-button-text\">Descargar Libro Blanco<\/span>\n\t\t\t\t\t<\/span>\n\t\t\t\t\t<\/a>\n\t\t\t\t<\/div>\n\t\t\t\t\t\t\t\t<\/div>\n\t\t\t\t<\/div>\n\t\t\t\t\t<\/div>\n\t\t<\/div>\n\t\t\t\t<div class=\"elementor-column elementor-col-33 elementor-top-column elementor-element elementor-element-16801c8\" data-id=\"16801c8\" data-element_type=\"column\" data-e-type=\"column\">\n\t\t\t<div class=\"elementor-widget-wrap elementor-element-populated\">\n\t\t\t\t\t\t<div class=\"elementor-element elementor-element-88dc680 elementor-widget elementor-widget-heading\" data-id=\"88dc680\" data-element_type=\"widget\" data-e-type=\"widget\" data-widget_type=\"heading.default\">\n\t\t\t\t<div class=\"elementor-widget-container\">\n\t\t\t\t\t<h3 class=\"elementor-heading-title elementor-size-default\">El viaje de expansi\u00f3n de Stone Security con Webbing<\/h3>\t\t\t\t<\/div>\n\t\t\t\t<\/div>\n\t\t\t\t<div class=\"elementor-element elementor-element-2f6aa76 elementor-widget elementor-widget-image\" data-id=\"2f6aa76\" data-element_type=\"widget\" data-e-type=\"widget\" data-widget_type=\"image.default\">\n\t\t\t\t<div class=\"elementor-widget-container\">\n\t\t\t\t\t\t\t\t\t\t\t\t\t\t\t\t<a href=\"https:\/\/www.stonesecurity.net\/wp-content\/uploads\/2023\/11\/benefits_of_a_hybrid-cloud_architecture_for_video_surveillance-white_paper-6-7-21.pdf\" target=\"_blank\">\n\t\t\t\t\t\t\t<img loading=\"lazy\" decoding=\"async\" width=\"800\" height=\"522\" src=\"https:\/\/www.stonesecurity.net\/wp-content\/uploads\/2024\/04\/webbing.webp\" class=\"attachment-large size-large wp-image-4815\" alt=\"\" srcset=\"https:\/\/www.stonesecurity.net\/wp-content\/uploads\/2024\/04\/webbing.webp 944w, https:\/\/www.stonesecurity.net\/wp-content\/uploads\/2024\/04\/webbing-300x196.webp 300w, https:\/\/www.stonesecurity.net\/wp-content\/uploads\/2024\/04\/webbing-768x501.webp 768w, https:\/\/www.stonesecurity.net\/wp-content\/uploads\/2024\/04\/webbing-18x12.webp 18w\" sizes=\"(max-width: 800px) 100vw, 800px\" \/>\t\t\t\t\t\t\t\t<\/a>\n\t\t\t\t\t\t\t\t\t\t\t\t\t\t\t<\/div>\n\t\t\t\t<\/div>\n\t\t\t\t<div class=\"elementor-element elementor-element-c45488c elementor-widget elementor-widget-text-editor\" data-id=\"c45488c\" data-element_type=\"widget\" data-e-type=\"widget\" data-widget_type=\"text-editor.default\">\n\t\t\t\t<div class=\"elementor-widget-container\">\n\t\t\t\t\t\t\t\t\t<p>Stone Security necesitaba una soluci\u00f3n de conectividad para sus unidades m\u00f3viles con un ancho de banda robusto, cobertura global y capacidad para utilizar perfiles de operador de terceros, como FirstNet.<\/p>\t\t\t\t\t\t\t\t<\/div>\n\t\t\t\t<\/div>\n\t\t\t\t<div class=\"elementor-element elementor-element-589ec16 elementor-align-center elementor-widget elementor-widget-button\" data-id=\"589ec16\" data-element_type=\"widget\" data-e-type=\"widget\" data-widget_type=\"button.default\">\n\t\t\t\t<div class=\"elementor-widget-container\">\n\t\t\t\t\t\t\t\t\t<div class=\"elementor-button-wrapper\">\n\t\t\t\t\t<a class=\"elementor-button elementor-button-link elementor-size-xs\" href=\"https:\/\/www.stonesecurity.net\/wp-content\/uploads\/2024\/04\/Case-Study-Stone-Securitys-Expansion-Journey-with-Webbing-20240401.pdf\" target=\"_blank\">\n\t\t\t\t\t\t<span class=\"elementor-button-content-wrapper\">\n\t\t\t\t\t\t\t\t\t<span class=\"elementor-button-text\">Descargar Libro Blanco<\/span>\n\t\t\t\t\t<\/span>\n\t\t\t\t\t<\/a>\n\t\t\t\t<\/div>\n\t\t\t\t\t\t\t\t<\/div>\n\t\t\t\t<\/div>\n\t\t\t\t\t<\/div>\n\t\t<\/div>\n\t\t\t\t<div class=\"elementor-column elementor-col-33 elementor-top-column elementor-element elementor-element-bf16554\" data-id=\"bf16554\" data-element_type=\"column\" data-e-type=\"column\">\n\t\t\t<div class=\"elementor-widget-wrap elementor-element-populated\">\n\t\t\t\t\t\t<div class=\"elementor-element elementor-element-0b33479 elementor-widget elementor-widget-heading\" data-id=\"0b33479\" data-element_type=\"widget\" data-e-type=\"widget\" data-widget_type=\"heading.default\">\n\t\t\t\t<div class=\"elementor-widget-container\">\n\t\t\t\t\t<h3 class=\"elementor-heading-title elementor-size-default\">Beneficios de la Arquitectura de Cloud H\u00edbrida<\/h3>\t\t\t\t<\/div>\n\t\t\t\t<\/div>\n\t\t\t\t<div class=\"elementor-element elementor-element-ad64f63 elementor-widget elementor-widget-image\" data-id=\"ad64f63\" data-element_type=\"widget\" data-e-type=\"widget\" data-widget_type=\"image.default\">\n\t\t\t\t<div class=\"elementor-widget-container\">\n\t\t\t\t\t\t\t\t\t\t\t\t\t\t\t\t<a href=\"https:\/\/www.stonesecurity.net\/wp-content\/uploads\/2023\/11\/benefits_of_a_hybrid-cloud_architecture_for_video_surveillance-white_paper-6-7-21.pdf\" target=\"_blank\">\n\t\t\t\t\t\t\t<img loading=\"lazy\" decoding=\"async\" width=\"632\" height=\"320\" src=\"https:\/\/www.stonesecurity.net\/wp-content\/uploads\/2023\/11\/cloud-video.webp\" class=\"attachment-large size-large wp-image-4583\" alt=\"\" srcset=\"https:\/\/www.stonesecurity.net\/wp-content\/uploads\/2023\/11\/cloud-video.webp 632w, https:\/\/www.stonesecurity.net\/wp-content\/uploads\/2023\/11\/cloud-video-300x152.webp 300w\" sizes=\"(max-width: 632px) 100vw, 632px\" \/>\t\t\t\t\t\t\t\t<\/a>\n\t\t\t\t\t\t\t\t\t\t\t\t\t\t\t<\/div>\n\t\t\t\t<\/div>\n\t\t\t\t<div class=\"elementor-element elementor-element-45000bc elementor-widget elementor-widget-text-editor\" data-id=\"45000bc\" data-element_type=\"widget\" data-e-type=\"widget\" data-widget_type=\"text-editor.default\">\n\t\t\t\t<div class=\"elementor-widget-container\">\n\t\t\t\t\t\t\t\t\t<p>Una comparaci\u00f3n de Nube H\u00edbrida, VSaaS y \u201cConstruye tu propia Nube\u201d. Al proyectar los ahorros de costos derivados del uso de la nube para el almacenamiento de videos de vigilancia, el modelo de implementaci\u00f3n que implemente tendr\u00e1 un impacto en el costo durante la vida \u00fatil de la soluci\u00f3n.<\/p>\t\t\t\t\t\t\t\t<\/div>\n\t\t\t\t<\/div>\n\t\t\t\t<div class=\"elementor-element elementor-element-96c1aaf elementor-align-center elementor-widget elementor-widget-button\" data-id=\"96c1aaf\" data-element_type=\"widget\" data-e-type=\"widget\" data-widget_type=\"button.default\">\n\t\t\t\t<div class=\"elementor-widget-container\">\n\t\t\t\t\t\t\t\t\t<div class=\"elementor-button-wrapper\">\n\t\t\t\t\t<a class=\"elementor-button elementor-button-link elementor-size-xs\" href=\"https:\/\/www.stonesecurity.net\/wp-content\/uploads\/2023\/11\/benefits_of_a_hybrid-cloud_architecture_for_video_surveillance-white_paper-6-7-21.pdf\" target=\"_blank\">\n\t\t\t\t\t\t<span class=\"elementor-button-content-wrapper\">\n\t\t\t\t\t\t\t\t\t<span class=\"elementor-button-text\">Descargar Libro Blanco<\/span>\n\t\t\t\t\t<\/span>\n\t\t\t\t\t<\/a>\n\t\t\t\t<\/div>\n\t\t\t\t\t\t\t\t<\/div>\n\t\t\t\t<\/div>\n\t\t\t\t\t<\/div>\n\t\t<\/div>\n\t\t\t\t\t<\/div>\n\t\t<\/section>\n\t\t\t\t<\/div>","protected":false},"excerpt":{"rendered":"<p>RESOURCES WHITE PAPERS &amp; OTHER INFORMATION Twitter Instagram Youtube Linkedin-in Revolutionizing Security with Tailored Body Worn Cameras As the need for accountability, security, and operational efficiency rises across various industries, more organizations are looking to implement body worn cameras. Case Study Understanding the IT Needs of Video Surveillance A video surveillance system has specialized needs [&hellip;]<\/p>\n","protected":false},"author":1,"featured_media":0,"parent":0,"menu_order":0,"comment_status":"closed","ping_status":"closed","template":"","meta":{"_acf_changed":false,"content-type":"","footnotes":""},"class_list":["post-4577","page","type-page","status-publish","hentry"],"acf":[],"_links":{"self":[{"href":"https:\/\/www.stonesecurity.net\/es\/wp-json\/wp\/v2\/pages\/4577","targetHints":{"allow":["GET"]}}],"collection":[{"href":"https:\/\/www.stonesecurity.net\/es\/wp-json\/wp\/v2\/pages"}],"about":[{"href":"https:\/\/www.stonesecurity.net\/es\/wp-json\/wp\/v2\/types\/page"}],"author":[{"embeddable":true,"href":"https:\/\/www.stonesecurity.net\/es\/wp-json\/wp\/v2\/users\/1"}],"replies":[{"embeddable":true,"href":"https:\/\/www.stonesecurity.net\/es\/wp-json\/wp\/v2\/comments?post=4577"}],"version-history":[{"count":25,"href":"https:\/\/www.stonesecurity.net\/es\/wp-json\/wp\/v2\/pages\/4577\/revisions"}],"predecessor-version":[{"id":6299,"href":"https:\/\/www.stonesecurity.net\/es\/wp-json\/wp\/v2\/pages\/4577\/revisions\/6299"}],"wp:attachment":[{"href":"https:\/\/www.stonesecurity.net\/es\/wp-json\/wp\/v2\/media?parent=4577"}],"curies":[{"name":"wp","href":"https:\/\/api.w.org\/{rel}","templated":true}]}}